{"id":216132,"date":"2019-11-18T05:30:44","date_gmt":"2019-11-18T10:30:44","guid":{"rendered":"https:\/\/divicharity.divifixer.com\/?page_id=216132"},"modified":"2020-06-24T15:58:51","modified_gmt":"2020-06-24T20:58:51","slug":"acercade","status":"publish","type":"page","link":"https:\/\/www.myentitid.com\/?page_id=216132","title":{"rendered":"Acerca de"},"content":{"rendered":"<p>[et_pb_section fb_built=&#8221;1&#8243; next_background_color=&#8221;#ffffff&#8221; _builder_version=&#8221;4.4.7&#8243; use_background_color_gradient=&#8221;on&#8221; background_color_gradient_start=&#8221;rgba(17,24,32,0.6)&#8221; background_color_gradient_end=&#8221;rgba(17,24,32,0.54)&#8221; background_color_gradient_direction=&#8221;90deg&#8221; background_color_gradient_overlays_image=&#8221;on&#8221; background_image=&#8221;https:\/\/www.myentitid.com\/wp-content\/uploads\/cyber-3400789_1920.jpg&#8221; custom_margin=&#8221;||||false|false&#8221; bottom_divider_style=&#8221;curve2&#8243; bottom_divider_height=&#8221;90px&#8221; bottom_divider_style_tablet=&#8221;&#8221; bottom_divider_style_phone=&#8221;&#8221; bottom_divider_style_last_edited=&#8221;on|phone&#8221; bottom_divider_height_tablet=&#8221;&#8221; bottom_divider_height_phone=&#8221;80px&#8221; bottom_divider_height_last_edited=&#8221;on|phone&#8221; locked=&#8221;off&#8221;][et_pb_row column_structure=&#8221;2_3,1_3&#8243; _builder_version=&#8221;4.0.6&#8243; custom_padding=&#8221;5%||0.2%|||&#8221;][et_pb_column type=&#8221;2_3&#8243; _builder_version=&#8221;3.25&#8243; custom_padding=&#8221;|||&#8221; custom_padding__hover=&#8221;|||&#8221;][et_pb_text _builder_version=&#8221;4.4.7&#8243; text_font=&#8221;Open Sans|600|||||||&#8221; text_text_color=&#8221;#ffffff&#8221; link_font=&#8221;Poppins||||||||&#8221; ul_font=&#8221;Poppins||||||||&#8221; ol_font=&#8221;Poppins||||||||&#8221; quote_font=&#8221;Poppins||||||||&#8221; header_font=&#8221;Poppins|800|||||||&#8221; header_text_color=&#8221;#ffffff&#8221; header_font_size=&#8221;75px&#8221; header_line_height=&#8221;1.1em&#8221; header_2_font=&#8221;Poppins||||||||&#8221; header_2_text_color=&#8221;#bf3654&#8243; header_2_font_size=&#8221;35px&#8221; header_3_font=&#8221;Poppins||||||||&#8221; header_4_font=&#8221;Poppins||||||||&#8221; header_5_font=&#8221;Poppins||||||||&#8221; header_6_font=&#8221;Poppins||||||||&#8221; header_font_size_tablet=&#8221;60px&#8221; header_font_size_phone=&#8221;40px&#8221; header_font_size_last_edited=&#8221;on|phone&#8221; header_2_font_size_tablet=&#8221;25px&#8221; header_2_font_size_phone=&#8221;20px&#8221; header_2_font_size_last_edited=&#8221;on|phone&#8221;]<\/p>\n<h1>End Two End Works<\/h1>\n<p>[\/et_pb_text][et_pb_text _builder_version=&#8221;4.4.7&#8243; text_font=&#8221;Open Sans|600|||||||&#8221; text_text_color=&#8221;#ffffff&#8221; link_font=&#8221;Poppins||||||||&#8221; ul_font=&#8221;Poppins||||||||&#8221; ol_font=&#8221;Poppins||||||||&#8221; quote_font=&#8221;Poppins||||||||&#8221; header_font=&#8221;Poppins||||||||&#8221; header_2_font=&#8221;Poppins||||||||&#8221; header_3_font=&#8221;Poppins||||||||&#8221; header_4_font=&#8221;Poppins||||||||&#8221; header_5_font=&#8221;Poppins||||||||&#8221; header_6_font=&#8221;Poppins||||||||&#8221; custom_margin=&#8221;-30px||&#8221; custom_css_main_element=&#8221;max-width:650px;&#8221;]<\/p>\n<p>En e2eworks (End Two End Works) somos una compa\u00f1\u00eda con amplia experiencia en la generaci\u00f3n de soluciones para diferentes sectores de la econom\u00eda (comercio minorista, bancario, financiero, servicios, seguridad de informaci\u00f3n, identidad digital, etc.), hemos tenido la fortuna de innovar respondiendo a las tendencias tecnol\u00f3gicas que el mercado entrega y que hemos creado.<\/p>\n<p>[\/et_pb_text][\/et_pb_column][et_pb_column type=&#8221;1_3&#8243; _builder_version=&#8221;3.25&#8243; custom_padding=&#8221;|||&#8221; custom_padding__hover=&#8221;|||&#8221;][\/et_pb_column][\/et_pb_row][\/et_pb_section][et_pb_section fb_built=&#8221;1&#8243; make_equal=&#8221;on&#8221; use_custom_gutter=&#8221;on&#8221; gutter_width=&#8221;2&#8243; specialty=&#8221;on&#8221; _builder_version=&#8221;4.0.6&#8243; custom_padding=&#8221;36px||40px|||&#8221;][et_pb_column type=&#8221;1_2&#8243; _builder_version=&#8221;3.25&#8243; custom_padding=&#8221;|||&#8221; custom_padding__hover=&#8221;|||&#8221;][et_pb_text ul_item_indent=&#8221;20px&#8221; _builder_version=&#8221;4.4.7&#8243; text_font=&#8221;||||||||&#8221; text_text_color=&#8221;#25283a&#8221; link_font=&#8221;Poppins||||||||&#8221; ul_font=&#8221;||||||||&#8221; ol_font=&#8221;Poppins||||||||&#8221; quote_font=&#8221;Poppins||||||||&#8221; header_font=&#8221;Poppins||||||||&#8221; header_2_font=&#8221;Poppins||||||||&#8221; header_3_font=&#8221;Poppins||||||||&#8221; header_4_font=&#8221;Poppins||||||||&#8221; header_5_font=&#8221;Poppins||||||||&#8221; header_6_font=&#8221;Poppins||||||||&#8221; text_orientation=&#8221;justified&#8221;]<\/p>\n<p>Desde nuestros inicios entendimos que el desarrollo de soluciones software era una actividad industrial y que cada soluci\u00f3n deb\u00eda tener la capacidad de potencializar y crecer con las soluciones ya existentes sin necesidad de ser reescrita, teniendo alta capacidad de integraci\u00f3n y con enfoque en servicios.<\/p>\n<p>En este camino hemos crecido innovando y creando soluciones que nos han permitido estar siempre presentes en los avances tecnol\u00f3gicos del mercado y generando nuevas estrategias digitales para nuestros clientes, hemos trabajado con desarrollo industrial de software en<\/p>\n<ul>\n<li><strong>Herramientas Case, <\/strong>industrializamos nuestro proceso de desarrollo de software.<\/li>\n<li><strong>Herramientas gesti\u00f3n del cambio, <\/strong>administramos el ciclo de vida del c\u00f3digo fuente y objeto.<\/li>\n<li><strong>Herramienta de gesti\u00f3n de desarrollo, <\/strong>administraci\u00f3n de actividad, tareas, mantenimiento y desarrollo<strong>.<\/strong><\/li>\n<li><strong>Herramientas de monitoreo y gesti\u00f3n de alertas, <\/strong>monitorear y notificar por diferentes medios.<\/li>\n<\/ul>\n<p>Una vez la tecnolog\u00eda digital ha avanzado, los sistemas de informaci\u00f3n disponibles se han convertido en un riesgo ya que operan en medios digitales. La tecnolog\u00eda digital ha generado la necesidad de la globalizaci\u00f3n del concepto de <strong><em>Identidad digital<\/em><\/strong>, esta globalizaci\u00f3n nos lleva a garantizar dicha identidad en nuestros clientes, nuestros empelados, y las personas que necesiten protegerla.<\/p>\n<p>Entendiendo la innovaci\u00f3n digital presente en la industria hemos incorporado herramientas que dan la posibilidad de trasformar diferentes industrias y hacer un uso m\u00e1s eficiente de las tecnolog\u00edas, y el uso de software como servicios como una estrategia de digitalizaci\u00f3n de operaciones.<\/p>\n<p>[\/et_pb_text][\/et_pb_column][et_pb_column type=&#8221;1_2&#8243; specialty_columns=&#8221;2&#8243; _builder_version=&#8221;3.25&#8243; custom_padding=&#8221;|||&#8221; custom_padding__hover=&#8221;|||&#8221;][et_pb_row_inner column_structure=&#8221;1_2,1_2&#8243; disabled_on=&#8221;off|off|off&#8221; _builder_version=&#8221;4.0.6&#8243;][et_pb_column_inner type=&#8221;1_2&#8243; saved_specialty_column_type=&#8221;1_2&#8243; _builder_version=&#8221;4.0.6&#8243;][et_pb_image src=&#8221;https:\/\/www.myentitid.com\/wp-content\/uploads\/img02.jpg&#8221; title_text=&#8221;img02&#8243; align=&#8221;center&#8221; force_fullwidth=&#8221;on&#8221; _builder_version=&#8221;4.4.7&#8243; border_radii=&#8221;on|10px|10px|10px|10px&#8221;][\/et_pb_image][et_pb_image src=&#8221;https:\/\/www.myentitid.com\/wp-content\/uploads\/img03.jpg&#8221; title_text=&#8221;img03&#8243; align=&#8221;center&#8221; force_fullwidth=&#8221;on&#8221; _builder_version=&#8221;4.4.7&#8243; border_radii=&#8221;on|10px|10px|10px|10px&#8221;][\/et_pb_image][\/et_pb_column_inner][et_pb_column_inner type=&#8221;1_2&#8243; saved_specialty_column_type=&#8221;1_2&#8243; _builder_version=&#8221;4.0.6&#8243;][et_pb_image src=&#8221;https:\/\/www.myentitid.com\/wp-content\/uploads\/img01.jpg&#8221; title_text=&#8221;img01&#8243; align=&#8221;center&#8221; force_fullwidth=&#8221;on&#8221; _builder_version=&#8221;4.4.7&#8243; border_radii=&#8221;on|10px|10px|10px|10px&#8221;][\/et_pb_image][et_pb_image src=&#8221;https:\/\/www.myentitid.com\/wp-content\/uploads\/img04.jpg&#8221; title_text=&#8221;img04&#8243; align=&#8221;center&#8221; force_fullwidth=&#8221;on&#8221; _builder_version=&#8221;4.4.7&#8243; border_radii=&#8221;on|10px|10px|10px|10px&#8221;][\/et_pb_image][\/et_pb_column_inner][\/et_pb_row_inner][\/et_pb_column][\/et_pb_section][et_pb_section fb_built=&#8221;1&#8243; _builder_version=&#8221;4.4.7&#8243; background_color=&#8221;#ffffff&#8221; use_background_color_gradient=&#8221;on&#8221; background_color_gradient_start=&#8221;#ffffff&#8221; background_color_gradient_end=&#8221;#ffffff&#8221;][et_pb_row _builder_version=&#8221;4.4.7&#8243; custom_margin=&#8221;|auto|45px|auto||&#8221;][et_pb_column type=&#8221;4_4&#8243; _builder_version=&#8221;4.4.7&#8243;][et_pb_text _builder_version=&#8221;4.4.7&#8243; header_3_font=&#8221;|700|||||||&#8221; header_3_text_align=&#8221;center&#8221; header_3_text_color=&#8221;#606060&#8243; header_3_font_size=&#8221;36px&#8221;]<\/p>\n<h3>Socios de negocios<\/h3>\n<p>[\/et_pb_text][\/et_pb_column][\/et_pb_row][et_pb_row column_structure=&#8221;1_3,1_3,1_3&#8243; _builder_version=&#8221;4.4.7&#8243;][et_pb_column type=&#8221;1_3&#8243; _builder_version=&#8221;4.4.7&#8243;][et_pb_blurb title=&#8221;Procesos &#038; Tecnolog\u00eda&#8221; image=&#8221;https:\/\/www.myentitid.com\/wp-content\/uploads\/pyt.png&#8221; _builder_version=&#8221;4.4.7&#8243; header_text_align=&#8221;center&#8221; body_text_align=&#8221;center&#8221; hover_enabled=&#8221;0&#8243; image_max_width=&#8221;90%&#8221;]<\/p>\n<p>Colombia<\/p>\n<p>[\/et_pb_blurb][\/et_pb_column][et_pb_column type=&#8221;1_3&#8243; _builder_version=&#8221;4.4.7&#8243;][et_pb_blurb title=&#8221;Smart Financial&#8221; url=&#8221;http:\/\/inttegrio.com&#8221; url_new_window=&#8221;on&#8221; image=&#8221;https:\/\/www.myentitid.com\/wp-content\/uploads\/smartfinancial.png&#8221; _builder_version=&#8221;4.4.7&#8243; header_text_align=&#8221;center&#8221; body_text_align=&#8221;center&#8221; hover_enabled=&#8221;0&#8243; image_max_width=&#8221;86%&#8221;]<\/p>\n<p>Estados Unidos, Colombia<\/p>\n<p>[\/et_pb_blurb][\/et_pb_column][et_pb_column type=&#8221;1_3&#8243; _builder_version=&#8221;4.4.7&#8243;][et_pb_blurb title=&#8221;Advanced Services International, Inc&#8221; url=&#8221;https:\/\/www.adsintl.net&#8221; url_new_window=&#8221;on&#8221; image=&#8221;https:\/\/www.myentitid.com\/wp-content\/uploads\/logodsi.png&#8221; _builder_version=&#8221;4.4.7&#8243; header_text_align=&#8221;center&#8221; body_text_align=&#8221;center&#8221;]<\/p>\n<p>Estados Unidos, M\u00e9xico, Panam\u00e1, Venezuela, Colombia, Bolivia<\/p>\n<p>[\/et_pb_blurb][\/et_pb_column][\/et_pb_row][et_pb_row _builder_version=&#8221;4.4.7&#8243;][et_pb_column type=&#8221;4_4&#8243; _builder_version=&#8221;4.4.7&#8243;][et_pb_divider show_divider=&#8221;off&#8221; _builder_version=&#8221;4.4.7&#8243; custom_padding=&#8221;||18px|||&#8221;][\/et_pb_divider][\/et_pb_column][\/et_pb_row][et_pb_row column_structure=&#8221;1_3,1_3,1_3&#8243; _builder_version=&#8221;4.4.7&#8243;][et_pb_column type=&#8221;1_3&#8243; _builder_version=&#8221;4.4.7&#8243;][et_pb_blurb title=&#8221;ultraredinternacional.com&#8221; url=&#8221;http:\/\/ultraredinternacional.com\/&#8221; image=&#8221;https:\/\/www.myentitid.com\/wp-content\/uploads\/logoultrared.png&#8221; _builder_version=&#8221;4.4.7&#8243; header_text_align=&#8221;center&#8221; body_text_align=&#8221;center&#8221; link_option_url_new_window=&#8221;on&#8221;]<\/p>\n<p>Panam\u00e1<\/p>\n<p>[\/et_pb_blurb][\/et_pb_column][et_pb_column type=&#8221;1_3&#8243; _builder_version=&#8221;4.4.7&#8243;][et_pb_blurb title=&#8221;sac-walabi.com&#8221; url=&#8221;http:\/\/sac-walabi.com\/&#8221; url_new_window=&#8221;on&#8221; image=&#8221;https:\/\/www.myentitid.com\/wp-content\/uploads\/sac-walabi.png&#8221; _builder_version=&#8221;4.4.7&#8243; header_text_align=&#8221;center&#8221; body_text_align=&#8221;center&#8221;]<\/p>\n<p>M\u00e9xico<\/p>\n<p>[\/et_pb_blurb][\/et_pb_column][et_pb_column type=&#8221;1_3&#8243; _builder_version=&#8221;4.4.7&#8243;][et_pb_blurb title=&#8221;cysce.com&#8221; url=&#8221;https:\/\/www.cysce.com\/&#8221; url_new_window=&#8221;on&#8221; image=&#8221;https:\/\/www.myentitid.com\/wp-content\/uploads\/cysce.png&#8221; _builder_version=&#8221;4.4.7&#8243; header_text_align=&#8221;center&#8221; body_text_align=&#8221;center&#8221;]<\/p>\n<p>Chile<\/p>\n<p>[\/et_pb_blurb][\/et_pb_column][\/et_pb_row][\/et_pb_section][et_pb_section fb_built=&#8221;1&#8243; disabled_on=&#8221;on|on|on&#8221; module_id=&#8221;bannerbottom&#8221; _builder_version=&#8221;4.4.7&#8243; background_color=&#8221;#FF3C00&#8243; min_height=&#8221;90px&#8221; custom_margin=&#8221;-36px|||||&#8221; custom_padding=&#8221;30px||8px|||&#8221; global_module=&#8221;216670&#8243; saved_tabs=&#8221;all&#8221;][et_pb_row column_structure=&#8221;3_4,1_4&#8243; custom_padding_last_edited=&#8221;on|phone&#8221; _builder_version=&#8221;4.4.7&#8243; custom_margin_tablet=&#8221;&#8221; custom_margin_phone=&#8221;&#8221; custom_margin_last_edited=&#8221;on|phone&#8221; custom_padding_tablet=&#8221;&#8221; custom_padding_phone=&#8221;&#8221;][et_pb_column type=&#8221;3_4&#8243; _builder_version=&#8221;4.4.7&#8243; custom_padding=&#8221;||||false|false&#8221; custom_padding__hover=&#8221;|||&#8221;][et_pb_text disabled_on=&#8221;on|on|on&#8221; _builder_version=&#8221;4.4.7&#8243; text_font=&#8221;||||||||&#8221; text_text_color=&#8221;#ffffff&#8221; text_font_size=&#8221;16px&#8221; link_font=&#8221;Poppins||||||||&#8221; ul_font=&#8221;Poppins||||||||&#8221; ol_font=&#8221;Poppins||||||||&#8221; quote_font=&#8221;Poppins||||||||&#8221; header_font=&#8221;Poppins|700|||||||&#8221; header_text_color=&#8221;#ffffff&#8221; header_font_size=&#8221;35px&#8221; header_2_font=&#8221;||||||||&#8221; header_2_text_color=&#8221;#ffffff&#8221; header_3_font=&#8221;Poppins||||||||&#8221; header_4_font=&#8221;Poppins||||||||&#8221; header_5_font=&#8221;Poppins||||||||&#8221; header_6_font=&#8221;Poppins||||||||&#8221; header_2_font_size_tablet=&#8221;32px&#8221; header_2_font_size_phone=&#8221;28px&#8221; header_2_font_size_last_edited=&#8221;on|desktop&#8221; disabled=&#8221;on&#8221;]<\/p>\n<h2>lorem ipsum<\/h2>\n<p>Lorem ipsum dolor sit amet, consectetur adipiscing elit. Etiam sit amet cursus lorem. [\/et_pb_text][\/et_pb_column][et_pb_column type=&#8221;1_4&#8243; _builder_version=&#8221;4.4.7&#8243; custom_padding=&#8221;||||false|false&#8221; custom_padding__hover=&#8221;|||&#8221;][et_pb_button button_text=&#8221;Cont\u00e1ctenos&#8221; disabled_on=&#8221;on|on|on&#8221; module_class=&#8221;dct_btn&#8221; _builder_version=&#8221;4.4.7&#8243; custom_button=&#8221;on&#8221; button_text_color=&#8221;#ffffff&#8221; button_border_width=&#8221;2px&#8221; button_border_color=&#8221;#ffffff&#8221; button_use_icon=&#8221;off&#8221; custom_padding=&#8221;15px|30px|15px|30px|true|true&#8221; custom_padding_tablet=&#8221;10px|25px|10px|25px|true|true&#8221; custom_padding_phone=&#8221;8px|20px|8px|20px|true|true&#8221; custom_padding_last_edited=&#8221;on|phone&#8221; custom_css_main_element=&#8221;border:2px solid #fff;&#8221; disabled=&#8221;on&#8221; locked=&#8221;off&#8221; button_text_size__hover_enabled=&#8221;on|hover&#8221; button_text_color__hover_enabled=&#8221;off|desktop&#8221; button_bg_color__hover=&#8221;#ffffff&#8221; button_bg_color__hover_enabled=&#8221;off|desktop&#8221; button_border_width__hover_enabled=&#8221;off&#8221; button_border_color__hover_enabled=&#8221;on|hover&#8221; button_border_radius__hover=&#8221;0px&#8221; button_border_radius__hover_enabled=&#8221;off&#8221; button_letter_spacing__hover_enabled=&#8221;off&#8221; button_bg_enable_color__hover=&#8221;on&#8221; button_border_color__hover=&#8221;#ffffff&#8221; button_text_color__hover=&#8221;#bf3654&#8243;][\/et_pb_button][\/et_pb_column][\/et_pb_row][\/et_pb_section]<\/p>\n","protected":false},"excerpt":{"rendered":"<p>[et_pb_section fb_built=&#8221;1&#8243; next_background_color=&#8221;#ffffff&#8221; _builder_version=&#8221;4.4.7&#8243; use_background_color_gradient=&#8221;on&#8221; background_color_gradient_start=&#8221;rgba(17,24,32,0.6)&#8221; background_color_gradient_end=&#8221;rgba(17,24,32,0.54)&#8221; background_color_gradient_direction=&#8221;90deg&#8221; background_color_gradient_overlays_image=&#8221;on&#8221; background_image=&#8221;https:\/\/www.myentitid.com\/wp-content\/uploads\/cyber-3400789_1920.jpg&#8221; custom_margin=&#8221;||||false|false&#8221; bottom_divider_style=&#8221;curve2&#8243; bottom_divider_height=&#8221;90px&#8221; bottom_divider_style_tablet=&#8221;&#8221; bottom_divider_style_phone=&#8221;&#8221; bottom_divider_style_last_edited=&#8221;on|phone&#8221; bottom_divider_height_tablet=&#8221;&#8221; bottom_divider_height_phone=&#8221;80px&#8221; bottom_divider_height_last_edited=&#8221;on|phone&#8221; locked=&#8221;off&#8221;][et_pb_row column_structure=&#8221;2_3,1_3&#8243; _builder_version=&#8221;4.0.6&#8243; custom_padding=&#8221;5%||0.2%|||&#8221;][et_pb_column type=&#8221;2_3&#8243; _builder_version=&#8221;3.25&#8243; custom_padding=&#8221;|||&#8221; custom_padding__hover=&#8221;|||&#8221;][et_pb_text _builder_version=&#8221;4.4.7&#8243; text_font=&#8221;Open Sans|600|||||||&#8221; text_text_color=&#8221;#ffffff&#8221; link_font=&#8221;Poppins||||||||&#8221; ul_font=&#8221;Poppins||||||||&#8221; ol_font=&#8221;Poppins||||||||&#8221; quote_font=&#8221;Poppins||||||||&#8221; header_font=&#8221;Poppins|800|||||||&#8221; header_text_color=&#8221;#ffffff&#8221; header_font_size=&#8221;75px&#8221; header_line_height=&#8221;1.1em&#8221; header_2_font=&#8221;Poppins||||||||&#8221; header_2_text_color=&#8221;#bf3654&#8243; header_2_font_size=&#8221;35px&#8221; header_3_font=&#8221;Poppins||||||||&#8221; header_4_font=&#8221;Poppins||||||||&#8221; header_5_font=&#8221;Poppins||||||||&#8221; header_6_font=&#8221;Poppins||||||||&#8221; header_font_size_tablet=&#8221;60px&#8221; header_font_size_phone=&#8221;40px&#8221; header_font_size_last_edited=&#8221;on|phone&#8221; header_2_font_size_tablet=&#8221;25px&#8221; header_2_font_size_phone=&#8221;20px&#8221; header_2_font_size_last_edited=&#8221;on|phone&#8221;] End Two End [&hellip;]<\/p>\n","protected":false},"author":1,"featured_media":0,"parent":0,"menu_order":0,"comment_status":"closed","ping_status":"closed","template":"","meta":{"_et_pb_use_builder":"on","_et_pb_old_content":"","_et_gb_content_width":"","footnotes":""},"_links":{"self":[{"href":"https:\/\/www.myentitid.com\/index.php?rest_route=\/wp\/v2\/pages\/216132"}],"collection":[{"href":"https:\/\/www.myentitid.com\/index.php?rest_route=\/wp\/v2\/pages"}],"about":[{"href":"https:\/\/www.myentitid.com\/index.php?rest_route=\/wp\/v2\/types\/page"}],"author":[{"embeddable":true,"href":"https:\/\/www.myentitid.com\/index.php?rest_route=\/wp\/v2\/users\/1"}],"replies":[{"embeddable":true,"href":"https:\/\/www.myentitid.com\/index.php?rest_route=%2Fwp%2Fv2%2Fcomments&post=216132"}],"version-history":[{"count":52,"href":"https:\/\/www.myentitid.com\/index.php?rest_route=\/wp\/v2\/pages\/216132\/revisions"}],"predecessor-version":[{"id":218583,"href":"https:\/\/www.myentitid.com\/index.php?rest_route=\/wp\/v2\/pages\/216132\/revisions\/218583"}],"wp:attachment":[{"href":"https:\/\/www.myentitid.com\/index.php?rest_route=%2Fwp%2Fv2%2Fmedia&parent=216132"}],"curies":[{"name":"wp","href":"https:\/\/api.w.org\/{rel}","templated":true}]}}