{"id":217451,"date":"2020-06-01T17:33:47","date_gmt":"2020-06-01T22:33:47","guid":{"rendered":"https:\/\/www.myentitid.com\/?page_id=217451"},"modified":"2020-06-23T23:05:01","modified_gmt":"2020-06-24T04:05:01","slug":"tecnologias","status":"publish","type":"page","link":"https:\/\/www.myentitid.com\/?page_id=217451","title":{"rendered":"Tecnolog\u00edas"},"content":{"rendered":"<p>[et_pb_section fb_built=&#8221;1&#8243; next_background_color=&#8221;#ffffff&#8221; _builder_version=&#8221;4.4.7&#8243; use_background_color_gradient=&#8221;on&#8221; background_color_gradient_start=&#8221;rgba(17,24,32,0.6)&#8221; background_color_gradient_end=&#8221;rgba(17,24,32,0.54)&#8221; background_color_gradient_direction=&#8221;90deg&#8221; background_color_gradient_overlays_image=&#8221;on&#8221; background_image=&#8221;https:\/\/www.myentitid.com\/wp-content\/uploads\/cyber-3400789_1920.jpg&#8221; custom_margin=&#8221;||||false|false&#8221; bottom_divider_style=&#8221;curve2&#8243; bottom_divider_height=&#8221;90px&#8221; bottom_divider_style_tablet=&#8221;&#8221; bottom_divider_style_phone=&#8221;&#8221; bottom_divider_style_last_edited=&#8221;on|phone&#8221; bottom_divider_height_tablet=&#8221;&#8221; bottom_divider_height_phone=&#8221;80px&#8221; bottom_divider_height_last_edited=&#8221;on|phone&#8221; locked=&#8221;off&#8221;][et_pb_row column_structure=&#8221;2_3,1_3&#8243; _builder_version=&#8221;4.0.6&#8243; custom_padding=&#8221;5%||1.5%|||&#8221;][et_pb_column type=&#8221;2_3&#8243; _builder_version=&#8221;3.25&#8243; custom_padding=&#8221;|||&#8221; custom_padding__hover=&#8221;|||&#8221;][et_pb_text _builder_version=&#8221;4.4.7&#8243; text_font=&#8221;Open Sans|600|||||||&#8221; text_text_color=&#8221;#ffffff&#8221; link_font=&#8221;Poppins||||||||&#8221; ul_font=&#8221;Poppins||||||||&#8221; ol_font=&#8221;Poppins||||||||&#8221; quote_font=&#8221;Poppins||||||||&#8221; header_font=&#8221;Poppins|800|||||||&#8221; header_text_color=&#8221;#ffffff&#8221; header_font_size=&#8221;75px&#8221; header_line_height=&#8221;1.1em&#8221; header_2_font=&#8221;Poppins||||||||&#8221; header_2_text_color=&#8221;#bf3654&#8243; header_2_font_size=&#8221;35px&#8221; header_3_font=&#8221;Poppins||||||||&#8221; header_4_font=&#8221;Poppins||||||||&#8221; header_5_font=&#8221;Poppins||||||||&#8221; header_6_font=&#8221;Poppins||||||||&#8221; header_font_size_tablet=&#8221;60px&#8221; header_font_size_phone=&#8221;40px&#8221; header_font_size_last_edited=&#8221;on|phone&#8221; header_2_font_size_tablet=&#8221;25px&#8221; header_2_font_size_phone=&#8221;20px&#8221; header_2_font_size_last_edited=&#8221;on|phone&#8221;]<\/p>\n<h1>Tecnolog\u00edas<\/h1>\n<p>[\/et_pb_text][et_pb_text _builder_version=&#8221;4.4.7&#8243; text_font=&#8221;Open Sans|600|||||||&#8221; text_text_color=&#8221;#ffffff&#8221; link_font=&#8221;Poppins||||||||&#8221; ul_font=&#8221;Poppins||||||||&#8221; ol_font=&#8221;Poppins||||||||&#8221; quote_font=&#8221;Poppins||||||||&#8221; header_font=&#8221;Poppins||||||||&#8221; header_2_font=&#8221;Poppins||||||||&#8221; header_3_font=&#8221;Poppins||||||||&#8221; header_4_font=&#8221;Poppins||||||||&#8221; header_5_font=&#8221;Poppins||||||||&#8221; header_6_font=&#8221;Poppins||||||||&#8221; custom_margin=&#8221;-30px||&#8221; hover_enabled=&#8221;0&#8243; custom_css_main_element=&#8221;max-width:650px;&#8221;][\/et_pb_text][et_pb_button button_text=&#8221;link&#8221; disabled_on=&#8221;on|on|on&#8221; module_class=&#8221;dct_btn&#8221; _builder_version=&#8221;4.4.7&#8243; custom_padding=&#8221;15px|30px|15px|30px|true|true&#8221; custom_padding_tablet=&#8221;10px|25px|10px|25px|true|true&#8221; custom_padding_phone=&#8221;8px|20px|8px|20px|true|true&#8221; custom_padding_last_edited=&#8221;on|phone&#8221; disabled=&#8221;on&#8221; button_text_size__hover_enabled=&#8221;off&#8221; button_text_color__hover_enabled=&#8221;off&#8221; button_bg_color__hover=&#8221;#25283a&#8221; button_bg_color__hover_enabled=&#8221;on|desktop&#8221; button_border_width__hover_enabled=&#8221;off&#8221; button_border_radius__hover=&#8221;0px&#8221; button_border_radius__hover_enabled=&#8221;off&#8221; button_border_color__hover_enabled=&#8221;off&#8221; button_letter_spacing__hover_enabled=&#8221;off&#8221; button_bg_enable_color__hover=&#8221;on&#8221; transform_styles__hover_enabled=&#8221;on|hover&#8221; transform_scale__hover_enabled=&#8221;on|hover&#8221; transform_translate__hover_enabled=&#8221;on|desktop&#8221; transform_rotate__hover_enabled=&#8221;on|desktop&#8221; transform_skew__hover_enabled=&#8221;on|desktop&#8221; transform_origin__hover_enabled=&#8221;on|desktop&#8221;][\/et_pb_button][\/et_pb_column][et_pb_column type=&#8221;1_3&#8243; _builder_version=&#8221;3.25&#8243; custom_padding=&#8221;|||&#8221; custom_padding__hover=&#8221;|||&#8221;][\/et_pb_column][\/et_pb_row][\/et_pb_section][et_pb_section fb_built=&#8221;1&#8243; admin_label=&#8221;Service Section&#8221; _builder_version=&#8221;4.4.7&#8243; background_color=&#8221;#ffffff&#8221; custom_margin=&#8221;||||false|false&#8221; custom_padding=&#8221;0px||8px||false|false&#8221; locked=&#8221;off&#8221;][et_pb_row admin_label=&#8221;Section Title&#8221; _builder_version=&#8221;3.25&#8243; custom_margin=&#8221;|||&#8221; custom_padding=&#8221;27px|0px|27px|0px&#8221; locked=&#8221;off&#8221;][et_pb_column type=&#8221;4_4&#8243; _builder_version=&#8221;3.25&#8243; custom_padding=&#8221;|||&#8221; custom_padding__hover=&#8221;|||&#8221;][et_pb_text admin_label=&#8221;Title&#8221; _builder_version=&#8221;4.4.7&#8243; text_font=&#8221;|700|||||||&#8221; text_font_size=&#8221;20px&#8221; text_orientation=&#8221;center&#8221; custom_margin=&#8221;||20px||false|false&#8221; hover_enabled=&#8221;0&#8243; text_line_height=&#8221;1.8em&#8221;]<\/p>\n<p>Nuestros productos migraron de ser soluciones on-premise, a ser soluciones SAAS.<br \/>Nuestros productos ya est\u00e1n presentes con:<\/p>\n<p>[\/et_pb_text][\/et_pb_column][\/et_pb_row][et_pb_row column_structure=&#8221;1_3,1_3,1_3&#8243; use_custom_gutter=&#8221;on&#8221; gutter_width=&#8221;2&#8243; admin_label=&#8221;Service Area&#8221; _builder_version=&#8221;4.4.7&#8243;][et_pb_column type=&#8221;1_3&#8243; _builder_version=&#8221;4.4.7&#8243; custom_padding=&#8221;|||&#8221; custom_padding__hover=&#8221;|||&#8221;][et_pb_blurb title=&#8221;Adopci\u00f3n Cloud&#8221; image=&#8221;https:\/\/www.myentitid.com\/wp-content\/uploads\/ico_adopcloud.png&#8221; icon_placement=&#8221;left&#8221; _builder_version=&#8221;4.4.7&#8243; header_font=&#8221;|600|||||||&#8221; header_font_size=&#8221;18px&#8221; body_font=&#8221;||||||||&#8221; animation_style=&#8221;fold&#8221; animation_direction=&#8221;bottom&#8221; animation_intensity_fold=&#8221;20%&#8221; animation_starting_opacity=&#8221;100%&#8221; hover_enabled=&#8221;0&#8243; body_ol_item_indent=&#8221;20px&#8221; body_ol_position=&#8221;outside&#8221;]<\/p>\n<p>Basada 4 pilares fundamentes:<\/p>\n<ol>\n<li>Adopci\u00f3n Cloud, con capacidad de usar los esquemas <em>auto Scalin <\/em>(<em>AMI<\/em>, Contenedores), balanceo de carga, seguridad integrada, etc.<\/li>\n<li>Monitoreo, generando <em>KPI<\/em> est\u00e1ndar de infraestructura y operaci\u00f3n de sistemas de informaci\u00f3n.\u00a0<\/li>\n<li>Inteligencia de negocios, disponiendo de tablas de hechos para la integraci\u00f3n de herramientas<em> BI<\/em> de mercado.<\/li>\n<li>Seguridad, permitiendo la integraci\u00f3n con herramientas del mercado y propias de identidad digital.<\/li>\n<\/ol>\n<p>[\/et_pb_blurb][\/et_pb_column][et_pb_column type=&#8221;1_3&#8243; _builder_version=&#8221;3.25&#8243; custom_padding=&#8221;|||&#8221; custom_padding__hover=&#8221;|||&#8221;][et_pb_blurb title=&#8221;Econom\u00eda de las API&#8221; image=&#8221;https:\/\/www.myentitid.com\/wp-content\/uploads\/ico_ecoapi.png&#8221; icon_placement=&#8221;left&#8221; _builder_version=&#8221;4.4.7&#8243; header_font=&#8221;|600|||||||&#8221; header_font_size=&#8221;18px&#8221; body_font=&#8221;||||||||&#8221; custom_margin=&#8221;||52px||false|false&#8221; animation_style=&#8221;fold&#8221; animation_direction=&#8221;bottom&#8221; animation_intensity_fold=&#8221;20%&#8221; animation_starting_opacity=&#8221;100%&#8221; hover_enabled=&#8221;0&#8243;]<\/p>\n<p>Basada en la estrategia de publicaci\u00f3n de m\u00faltiples servicios (Micro servicios, Rest API) para la orquestaci\u00f3n de identidad digital, alertas, notificaciones. Nuestros servicios pueden ser orquestados por cualquier tipo de sistema de informaci\u00f3n sin importar el sector del mercado.<\/p>\n<p>[\/et_pb_blurb][et_pb_blurb title=&#8221;Arquitectura de micro servicios&#8221; image=&#8221;https:\/\/www.myentitid.com\/wp-content\/uploads\/ico_usoid.png&#8221; icon_placement=&#8221;left&#8221; _builder_version=&#8221;4.4.7&#8243; header_font=&#8221;|600|||||||&#8221; header_font_size=&#8221;18px&#8221; header_line_height=&#8221;1.4em&#8221; body_font=&#8221;||||||||&#8221; animation_style=&#8221;fold&#8221; animation_direction=&#8221;bottom&#8221; animation_intensity_fold=&#8221;20%&#8221; animation_starting_opacity=&#8221;100%&#8221; hover_enabled=&#8221;0&#8243;]<\/p>\n<p>Exponiendo un conjunto de peque\u00f1os servicios, los cuales se ejecutan en su propio proceso y se comunican con mecanismos ligeros.<\/p>\n<p>[\/et_pb_blurb][\/et_pb_column][et_pb_column type=&#8221;1_3&#8243; _builder_version=&#8221;3.25&#8243; custom_padding=&#8221;|||&#8221; custom_padding__hover=&#8221;|||&#8221;][et_pb_blurb title=&#8221;Protecci\u00f3n de Data&#8221; image=&#8221;https:\/\/www.myentitid.com\/wp-content\/uploads\/ico_protedata.png&#8221; icon_placement=&#8221;left&#8221; _builder_version=&#8221;4.4.7&#8243; header_font=&#8221;|600|||||||&#8221; header_font_size=&#8221;18px&#8221; body_font=&#8221;||||||||&#8221; custom_margin=&#8221;||72px||false|false&#8221; animation_style=&#8221;fold&#8221; animation_direction=&#8221;bottom&#8221; animation_intensity_fold=&#8221;20%&#8221; animation_starting_opacity=&#8221;100%&#8221; hover_enabled=&#8221;0&#8243;]<\/p>\n<p>Fundamentada en la estrategia de publicaci\u00f3n de m\u00faltiples servicios (Micro servicios, Rest API) para la orquestaci\u00f3n de mecanismos de protecci\u00f3n y almacenamiento de data sensible.\u00a0<\/p>\n<p>[\/et_pb_blurb][et_pb_blurb title=&#8221;Facilidad de integraci\u00f3n&#8221; image=&#8221;https:\/\/www.myentitid.com\/wp-content\/uploads\/ico_facilint.png&#8221; icon_placement=&#8221;left&#8221; _builder_version=&#8221;4.4.7&#8243; header_font=&#8221;|600|||||||&#8221; header_font_size=&#8221;18px&#8221; body_font=&#8221;||||||||&#8221; animation_style=&#8221;fold&#8221; animation_direction=&#8221;bottom&#8221; animation_intensity_fold=&#8221;20%&#8221; animation_starting_opacity=&#8221;100%&#8221; hover_enabled=&#8221;0&#8243;]<\/p>\n<p>Que entrega los mecanismos naturales de consumo de servicios de forma param\u00e9trica por medio de su componente EAI. Esta capacidad permite tener integradas m\u00faltiples soluciones de forma natural en un solo portal.<\/p>\n<p>[\/et_pb_blurb][\/et_pb_column][\/et_pb_row][\/et_pb_section][et_pb_section fb_built=&#8221;1&#8243; prev_background_color=&#8221;#ffffff&#8221; admin_label=&#8221;FAQ Section&#8221; _builder_version=&#8221;4.4.7&#8243; use_background_color_gradient=&#8221;on&#8221; background_color_gradient_start=&#8221;#eee&#8221; background_color_gradient_end=&#8221;#ccc&#8221; background_color_gradient_direction=&#8221;100deg&#8221; background_position=&#8221;bottom_center&#8221; custom_margin=&#8221;||36px||false|false&#8221; custom_padding=&#8221;97px|0px|20px||false|false&#8221; top_divider_style=&#8221;curve2&#8243;][et_pb_row column_structure=&#8221;1_2,1_2&#8243; admin_label=&#8221;FAQ Area&#8221; _builder_version=&#8221;4.4.7&#8243;][et_pb_column type=&#8221;1_2&#8243; _builder_version=&#8221;4.4.7&#8243; custom_padding=&#8221;|||&#8221; custom_padding__hover=&#8221;|||&#8221;][\/et_pb_column][et_pb_column type=&#8221;1_2&#8243; _builder_version=&#8221;3.25&#8243; custom_padding=&#8221;|||&#8221; custom_padding__hover=&#8221;|||&#8221;][\/et_pb_column][\/et_pb_row][\/et_pb_section][et_pb_section fb_built=&#8221;1&#8243; disabled_on=&#8221;on|on|on&#8221; module_id=&#8221;bannerbottom&#8221; _builder_version=&#8221;4.4.7&#8243; background_color=&#8221;#FF3C00&#8243; min_height=&#8221;90px&#8221; custom_margin=&#8221;-36px|||||&#8221; custom_padding=&#8221;30px||8px|||&#8221; global_module=&#8221;216670&#8243; saved_tabs=&#8221;all&#8221;][et_pb_row column_structure=&#8221;3_4,1_4&#8243; custom_padding_last_edited=&#8221;on|phone&#8221; _builder_version=&#8221;4.4.7&#8243; custom_margin_tablet=&#8221;&#8221; custom_margin_phone=&#8221;&#8221; custom_margin_last_edited=&#8221;on|phone&#8221; custom_padding_tablet=&#8221;&#8221; custom_padding_phone=&#8221;&#8221;][et_pb_column type=&#8221;3_4&#8243; _builder_version=&#8221;4.4.7&#8243; custom_padding=&#8221;||||false|false&#8221; custom_padding__hover=&#8221;|||&#8221;][et_pb_text disabled_on=&#8221;on|on|on&#8221; _builder_version=&#8221;4.4.7&#8243; text_font=&#8221;||||||||&#8221; text_text_color=&#8221;#ffffff&#8221; text_font_size=&#8221;16px&#8221; link_font=&#8221;Poppins||||||||&#8221; ul_font=&#8221;Poppins||||||||&#8221; ol_font=&#8221;Poppins||||||||&#8221; quote_font=&#8221;Poppins||||||||&#8221; header_font=&#8221;Poppins|700|||||||&#8221; header_text_color=&#8221;#ffffff&#8221; header_font_size=&#8221;35px&#8221; header_2_font=&#8221;||||||||&#8221; header_2_text_color=&#8221;#ffffff&#8221; header_3_font=&#8221;Poppins||||||||&#8221; header_4_font=&#8221;Poppins||||||||&#8221; header_5_font=&#8221;Poppins||||||||&#8221; header_6_font=&#8221;Poppins||||||||&#8221; header_2_font_size_tablet=&#8221;32px&#8221; header_2_font_size_phone=&#8221;28px&#8221; header_2_font_size_last_edited=&#8221;on|desktop&#8221; disabled=&#8221;on&#8221;]<\/p>\n<h2>lorem ipsum<\/h2>\n<p>Lorem ipsum dolor sit amet, consectetur adipiscing elit. Etiam sit amet cursus lorem. [\/et_pb_text][\/et_pb_column][et_pb_column type=&#8221;1_4&#8243; _builder_version=&#8221;4.4.7&#8243; custom_padding=&#8221;||||false|false&#8221; custom_padding__hover=&#8221;|||&#8221;][et_pb_button button_text=&#8221;Cont\u00e1ctenos&#8221; disabled_on=&#8221;on|on|on&#8221; module_class=&#8221;dct_btn&#8221; _builder_version=&#8221;4.4.7&#8243; custom_button=&#8221;on&#8221; button_text_color=&#8221;#ffffff&#8221; button_border_width=&#8221;2px&#8221; button_border_color=&#8221;#ffffff&#8221; button_use_icon=&#8221;off&#8221; custom_padding=&#8221;15px|30px|15px|30px|true|true&#8221; custom_padding_tablet=&#8221;10px|25px|10px|25px|true|true&#8221; custom_padding_phone=&#8221;8px|20px|8px|20px|true|true&#8221; custom_padding_last_edited=&#8221;on|phone&#8221; custom_css_main_element=&#8221;border:2px solid #fff;&#8221; disabled=&#8221;on&#8221; locked=&#8221;off&#8221; button_text_size__hover_enabled=&#8221;on|hover&#8221; button_text_color__hover_enabled=&#8221;off|desktop&#8221; button_bg_color__hover=&#8221;#ffffff&#8221; button_bg_color__hover_enabled=&#8221;off|desktop&#8221; button_border_width__hover_enabled=&#8221;off&#8221; button_border_color__hover_enabled=&#8221;on|hover&#8221; button_border_radius__hover=&#8221;0px&#8221; button_border_radius__hover_enabled=&#8221;off&#8221; button_letter_spacing__hover_enabled=&#8221;off&#8221; button_bg_enable_color__hover=&#8221;on&#8221; button_border_color__hover=&#8221;#ffffff&#8221; button_text_color__hover=&#8221;#bf3654&#8243;][\/et_pb_button][\/et_pb_column][\/et_pb_row][\/et_pb_section]<\/p>\n","protected":false},"excerpt":{"rendered":"<p>[et_pb_section fb_built=&#8221;1&#8243; next_background_color=&#8221;#ffffff&#8221; _builder_version=&#8221;4.4.7&#8243; use_background_color_gradient=&#8221;on&#8221; background_color_gradient_start=&#8221;rgba(17,24,32,0.6)&#8221; background_color_gradient_end=&#8221;rgba(17,24,32,0.54)&#8221; background_color_gradient_direction=&#8221;90deg&#8221; background_color_gradient_overlays_image=&#8221;on&#8221; background_image=&#8221;https:\/\/www.myentitid.com\/wp-content\/uploads\/cyber-3400789_1920.jpg&#8221; custom_margin=&#8221;||||false|false&#8221; bottom_divider_style=&#8221;curve2&#8243; bottom_divider_height=&#8221;90px&#8221; bottom_divider_style_tablet=&#8221;&#8221; bottom_divider_style_phone=&#8221;&#8221; bottom_divider_style_last_edited=&#8221;on|phone&#8221; bottom_divider_height_tablet=&#8221;&#8221; bottom_divider_height_phone=&#8221;80px&#8221; bottom_divider_height_last_edited=&#8221;on|phone&#8221; locked=&#8221;off&#8221;][et_pb_row column_structure=&#8221;2_3,1_3&#8243; _builder_version=&#8221;4.0.6&#8243; custom_padding=&#8221;5%||1.5%|||&#8221;][et_pb_column type=&#8221;2_3&#8243; _builder_version=&#8221;3.25&#8243; custom_padding=&#8221;|||&#8221; custom_padding__hover=&#8221;|||&#8221;][et_pb_text _builder_version=&#8221;4.4.7&#8243; text_font=&#8221;Open Sans|600|||||||&#8221; text_text_color=&#8221;#ffffff&#8221; link_font=&#8221;Poppins||||||||&#8221; ul_font=&#8221;Poppins||||||||&#8221; ol_font=&#8221;Poppins||||||||&#8221; quote_font=&#8221;Poppins||||||||&#8221; header_font=&#8221;Poppins|800|||||||&#8221; header_text_color=&#8221;#ffffff&#8221; header_font_size=&#8221;75px&#8221; header_line_height=&#8221;1.1em&#8221; header_2_font=&#8221;Poppins||||||||&#8221; header_2_text_color=&#8221;#bf3654&#8243; header_2_font_size=&#8221;35px&#8221; header_3_font=&#8221;Poppins||||||||&#8221; header_4_font=&#8221;Poppins||||||||&#8221; header_5_font=&#8221;Poppins||||||||&#8221; header_6_font=&#8221;Poppins||||||||&#8221; header_font_size_tablet=&#8221;60px&#8221; header_font_size_phone=&#8221;40px&#8221; header_font_size_last_edited=&#8221;on|phone&#8221; header_2_font_size_tablet=&#8221;25px&#8221; header_2_font_size_phone=&#8221;20px&#8221; header_2_font_size_last_edited=&#8221;on|phone&#8221;] Tecnolog\u00edas [\/et_pb_text][et_pb_text _builder_version=&#8221;4.4.7&#8243; [&hellip;]<\/p>\n","protected":false},"author":1,"featured_media":0,"parent":0,"menu_order":0,"comment_status":"closed","ping_status":"closed","template":"","meta":{"_et_pb_use_builder":"on","_et_pb_old_content":"","_et_gb_content_width":"","footnotes":""},"_links":{"self":[{"href":"https:\/\/www.myentitid.com\/index.php?rest_route=\/wp\/v2\/pages\/217451"}],"collection":[{"href":"https:\/\/www.myentitid.com\/index.php?rest_route=\/wp\/v2\/pages"}],"about":[{"href":"https:\/\/www.myentitid.com\/index.php?rest_route=\/wp\/v2\/types\/page"}],"author":[{"embeddable":true,"href":"https:\/\/www.myentitid.com\/index.php?rest_route=\/wp\/v2\/users\/1"}],"replies":[{"embeddable":true,"href":"https:\/\/www.myentitid.com\/index.php?rest_route=%2Fwp%2Fv2%2Fcomments&post=217451"}],"version-history":[{"count":35,"href":"https:\/\/www.myentitid.com\/index.php?rest_route=\/wp\/v2\/pages\/217451\/revisions"}],"predecessor-version":[{"id":218521,"href":"https:\/\/www.myentitid.com\/index.php?rest_route=\/wp\/v2\/pages\/217451\/revisions\/218521"}],"wp:attachment":[{"href":"https:\/\/www.myentitid.com\/index.php?rest_route=%2Fwp%2Fv2%2Fmedia&parent=217451"}],"curies":[{"name":"wp","href":"https:\/\/api.w.org\/{rel}","templated":true}]}}