{"id":217511,"date":"2020-06-02T16:00:05","date_gmt":"2020-06-02T21:00:05","guid":{"rendered":"https:\/\/www.myentitid.com\/?page_id=217511"},"modified":"2020-06-07T16:49:59","modified_gmt":"2020-06-07T21:49:59","slug":"end-to-end","status":"publish","type":"page","link":"https:\/\/www.myentitid.com\/?page_id=217511","title":{"rendered":"End-to-End"},"content":{"rendered":"<p>[et_pb_section fb_built=&#8221;1&#8243; admin_label=&#8221;Feature&#8221; _builder_version=&#8221;4.4.7&#8243; use_background_color_gradient=&#8221;on&#8221; background_color_gradient_start=&#8221;#FFA000&#8243; background_color_gradient_end=&#8221;#FF3C00&#8243; background_color_gradient_type=&#8221;radial&#8221; background_color_gradient_direction_radial=&#8221;top right&#8221; background_image=&#8221;https:\/\/www.myentitid.com\/wp-content\/uploads\/cyber-security-03-1.png&#8221; background_position=&#8221;bottom_center&#8221; custom_margin=&#8221;84px||40px||false|false&#8221; custom_padding=&#8221;1vw||1vw||true|false&#8221; hover_enabled=&#8221;0&#8243; locked=&#8221;off&#8221;][et_pb_row column_structure=&#8221;2_5,3_5&#8243; _builder_version=&#8221;3.25.1&#8243; z_index=&#8221;1&#8243;][et_pb_column type=&#8221;2_5&#8243; _builder_version=&#8221;3.25.1&#8243;][et_pb_text _builder_version=&#8221;4.4.7&#8243; text_font=&#8221;||||||||&#8221; header_2_font=&#8221;Overpass|900|||||||&#8221; header_2_font_size=&#8221;56px&#8221; header_2_line_height=&#8221;1.1em&#8221; header_3_font=&#8221;Overpass|600|||||||&#8221; header_3_text_color=&#8221;#00b4ff&#8221; header_3_font_size=&#8221;30px&#8221; header_3_line_height=&#8221;1.2em&#8221; background_layout=&#8221;dark&#8221; custom_margin=&#8221;24px||||false|false&#8221; custom_padding=&#8221;|||||&#8221; header_2_font_size_tablet=&#8221;38px&#8221; header_2_font_size_phone=&#8221;26px&#8221; header_2_font_size_last_edited=&#8221;on|desktop&#8221; header_3_font_tablet=&#8221;&#8221; header_3_font_phone=&#8221;Overpass|700|||||||&#8221; header_3_font_last_edited=&#8221;on|phone&#8221; header_3_font_size_tablet=&#8221;24px&#8221; header_3_font_size_phone=&#8221;18px&#8221; header_3_font_size_last_edited=&#8221;on|desktop&#8221; locked=&#8221;off&#8221;]<\/p>\n<h2>End-to-End<\/h2>\n<p>[\/et_pb_text][et_pb_text _builder_version=&#8221;4.4.7&#8243; text_font=&#8221;||||||||&#8221; text_font_size=&#8221;15px&#8221; background_layout=&#8221;dark&#8221; text_font_size_tablet=&#8221;&#8221; text_font_size_phone=&#8221;14px&#8221; text_font_size_last_edited=&#8221;on|desktop&#8221; text_text_shadow_style=&#8221;preset5&#8243; locked=&#8221;off&#8221;]End-to-End es un t\u00e9rmino utilizado para describir productos o soluciones que cubren cada etapa de un proceso, a menudo sin necesidad de que un tercero proporcione nada. <\/p>\n<p>Tambi\u00e9n abarca una filosof\u00eda que elimina tantas capas intermedias o pasos como sea posible para optimizar el rendimiento y la eficiencia en cualquier proceso.[\/et_pb_text][et_pb_image src=&#8221;https:\/\/www.myentitid.com\/wp-content\/uploads\/endtoend_smile2.png&#8221; title_text=&#8221;endtoend_smile2&#8243; _builder_version=&#8221;4.4.7&#8243; custom_margin=&#8221;||||false|false&#8221; custom_padding=&#8221;24px||||false|false&#8221;][\/et_pb_image][\/et_pb_column][et_pb_column type=&#8221;3_5&#8243; _builder_version=&#8221;3.25.1&#8243;][et_pb_blurb title=&#8221;e2eworks (end two end Works)&#8221; image=&#8221;https:\/\/www.myentitid.com\/wp-content\/uploads\/favicon.png&#8221; icon_placement=&#8221;left&#8221; image_max_width=&#8221;120px&#8221; image_max_width_tablet=&#8221;&#8221; image_max_width_phone=&#8221;50px&#8221; image_max_width_last_edited=&#8221;on|phone&#8221; _builder_version=&#8221;4.4.7&#8243; header_font=&#8221;|700|||||||&#8221; body_font=&#8221;||||||||&#8221; background_color=&#8221;#ffffff&#8221; custom_padding=&#8221;16px|16px|16px|16px|true|true&#8221; hover_enabled=&#8221;0&#8243; border_radii=&#8221;on|10px|10px|10px|10px&#8221; box_shadow_style=&#8221;preset3&#8243; box_shadow_color=&#8221;rgba(10,45,97,0.1)&#8221; locked=&#8221;off&#8221; custom_margin=&#8221;0px||20px||false|false&#8221;]<\/p>\n<p>Permite el acceso seguro sin exponer identificaciones de usuario, garantiza que quien entra a nuestros sistemas de informaci\u00f3n es el autorizado, evita la exposici\u00f3n de nombres de usuario y contrase\u00f1as. Operaciones seguras, eficientes y efectivas con menor riesgo de fraude y que garantizan el no repudio, son una realidad con nuestras tecnolog\u00edas.<\/p>\n<p>[\/et_pb_blurb][et_pb_blurb title=&#8221;e2eworks Cloud&#8221; image=&#8221;https:\/\/www.myentitid.com\/wp-content\/uploads\/ico_cloud.png&#8221; icon_placement=&#8221;left&#8221; image_max_width=&#8221;120px&#8221; image_max_width_tablet=&#8221;&#8221; image_max_width_phone=&#8221;50px&#8221; image_max_width_last_edited=&#8221;on|phone&#8221; _builder_version=&#8221;4.4.7&#8243; header_font=&#8221;|700|||||||&#8221; body_font=&#8221;||||||||&#8221; background_color=&#8221;#ffffff&#8221; custom_padding=&#8221;16px|16px|16px|16px|true|true&#8221; hover_enabled=&#8221;0&#8243; border_radii=&#8221;on|10px|10px|10px|10px&#8221; box_shadow_style=&#8221;preset3&#8243; box_shadow_color=&#8221;rgba(10,45,97,0.1)&#8221; locked=&#8221;off&#8221; custom_margin=&#8221;0px||20px||false|false&#8221;]Pone a su disposici\u00f3n los \u00faltimos mecanismos de seguridad de acceso como servicio a bajos costos. Nuestros servicios est\u00e1n publicados utilizando el potencial que ofrece AWS.[\/et_pb_blurb][et_pb_blurb title=&#8221;e2eworks Data Segura&#8221; image=&#8221;https:\/\/www.myentitid.com\/wp-content\/uploads\/ico_datasegura2.png&#8221; icon_placement=&#8221;left&#8221; image_max_width=&#8221;120px&#8221; image_max_width_tablet=&#8221;&#8221; image_max_width_phone=&#8221;50px&#8221; image_max_width_last_edited=&#8221;on|phone&#8221; _builder_version=&#8221;4.4.7&#8243; header_font=&#8221;|700|||||||&#8221; body_font=&#8221;||||||||&#8221; background_color=&#8221;#ffffff&#8221; custom_padding=&#8221;16px|16px|16px|16px|true|true&#8221; hover_enabled=&#8221;0&#8243; border_radii=&#8221;on|10px|10px|10px|10px&#8221; box_shadow_style=&#8221;preset3&#8243; box_shadow_color=&#8221;rgba(10,45,97,0.1)&#8221; locked=&#8221;off&#8221; custom_margin=&#8221;0px||20px||false|false&#8221;]Almacena toda la informaci\u00f3n a trav\u00e9s de cifrado con algoritmos de \u00faltima tecnolog\u00eda (por software, o hardware HSM).[\/et_pb_blurb][et_pb_blurb title=&#8221;e2eworks Tecnolog\u00eda de avanzada&#8221; image=&#8221;https:\/\/www.myentitid.com\/wp-content\/uploads\/ico_advtech2.png&#8221; icon_placement=&#8221;left&#8221; image_max_width=&#8221;120px&#8221; image_max_width_tablet=&#8221;&#8221; image_max_width_phone=&#8221;50px&#8221; image_max_width_last_edited=&#8221;on|phone&#8221; _builder_version=&#8221;4.4.7&#8243; header_font=&#8221;|700|||||||&#8221; body_font=&#8221;||||||||&#8221; background_color=&#8221;#ffffff&#8221; custom_padding=&#8221;16px|16px|16px|16px|true|true&#8221; hover_enabled=&#8221;0&#8243; border_radii=&#8221;on|10px|10px|10px|10px&#8221; box_shadow_style=&#8221;preset3&#8243; box_shadow_color=&#8221;rgba(10,45,97,0.1)&#8221; locked=&#8221;off&#8221; custom_margin=&#8221;0px||20px||false|false&#8221;]Usa la tecnolog\u00eda m\u00e1s moderna de autenticaci\u00f3n y seguridad de acceso, est\u00e1 disponible para Toda la industria de TI.[\/et_pb_blurb][\/et_pb_column][\/et_pb_row][\/et_pb_section]<\/p>\n","protected":false},"excerpt":{"rendered":"<p>[et_pb_section fb_built=&#8221;1&#8243; admin_label=&#8221;Feature&#8221; _builder_version=&#8221;4.4.7&#8243; use_background_color_gradient=&#8221;on&#8221; background_color_gradient_start=&#8221;#FFA000&#8243; background_color_gradient_end=&#8221;#FF3C00&#8243; background_color_gradient_type=&#8221;radial&#8221; background_color_gradient_direction_radial=&#8221;top right&#8221; background_image=&#8221;https:\/\/www.myentitid.com\/wp-content\/uploads\/cyber-security-03-1.png&#8221; background_position=&#8221;bottom_center&#8221; custom_margin=&#8221;84px||40px||false|false&#8221; custom_padding=&#8221;1vw||1vw||true|false&#8221; hover_enabled=&#8221;0&#8243; locked=&#8221;off&#8221;][et_pb_row column_structure=&#8221;2_5,3_5&#8243; _builder_version=&#8221;3.25.1&#8243; z_index=&#8221;1&#8243;][et_pb_column type=&#8221;2_5&#8243; _builder_version=&#8221;3.25.1&#8243;][et_pb_text _builder_version=&#8221;4.4.7&#8243; text_font=&#8221;||||||||&#8221; header_2_font=&#8221;Overpass|900|||||||&#8221; header_2_font_size=&#8221;56px&#8221; header_2_line_height=&#8221;1.1em&#8221; header_3_font=&#8221;Overpass|600|||||||&#8221; header_3_text_color=&#8221;#00b4ff&#8221; header_3_font_size=&#8221;30px&#8221; header_3_line_height=&#8221;1.2em&#8221; background_layout=&#8221;dark&#8221; custom_margin=&#8221;24px||||false|false&#8221; custom_padding=&#8221;|||||&#8221; header_2_font_size_tablet=&#8221;38px&#8221; header_2_font_size_phone=&#8221;26px&#8221; header_2_font_size_last_edited=&#8221;on|desktop&#8221; header_3_font_tablet=&#8221;&#8221; header_3_font_phone=&#8221;Overpass|700|||||||&#8221; header_3_font_last_edited=&#8221;on|phone&#8221; header_3_font_size_tablet=&#8221;24px&#8221; header_3_font_size_phone=&#8221;18px&#8221; header_3_font_size_last_edited=&#8221;on|desktop&#8221; locked=&#8221;off&#8221;] End-to-End [\/et_pb_text][et_pb_text _builder_version=&#8221;4.4.7&#8243; text_font=&#8221;||||||||&#8221; text_font_size=&#8221;15px&#8221; background_layout=&#8221;dark&#8221; text_font_size_tablet=&#8221;&#8221; text_font_size_phone=&#8221;14px&#8221; text_font_size_last_edited=&#8221;on|desktop&#8221; text_text_shadow_style=&#8221;preset5&#8243; locked=&#8221;off&#8221;]End-to-End es [&hellip;]<\/p>\n","protected":false},"author":1,"featured_media":0,"parent":0,"menu_order":0,"comment_status":"closed","ping_status":"closed","template":"","meta":{"_et_pb_use_builder":"on","_et_pb_old_content":"","_et_gb_content_width":"","footnotes":""},"_links":{"self":[{"href":"https:\/\/www.myentitid.com\/index.php?rest_route=\/wp\/v2\/pages\/217511"}],"collection":[{"href":"https:\/\/www.myentitid.com\/index.php?rest_route=\/wp\/v2\/pages"}],"about":[{"href":"https:\/\/www.myentitid.com\/index.php?rest_route=\/wp\/v2\/types\/page"}],"author":[{"embeddable":true,"href":"https:\/\/www.myentitid.com\/index.php?rest_route=\/wp\/v2\/users\/1"}],"replies":[{"embeddable":true,"href":"https:\/\/www.myentitid.com\/index.php?rest_route=%2Fwp%2Fv2%2Fcomments&post=217511"}],"version-history":[{"count":15,"href":"https:\/\/www.myentitid.com\/index.php?rest_route=\/wp\/v2\/pages\/217511\/revisions"}],"predecessor-version":[{"id":217812,"href":"https:\/\/www.myentitid.com\/index.php?rest_route=\/wp\/v2\/pages\/217511\/revisions\/217812"}],"wp:attachment":[{"href":"https:\/\/www.myentitid.com\/index.php?rest_route=%2Fwp%2Fv2%2Fmedia&parent=217511"}],"curies":[{"name":"wp","href":"https:\/\/api.w.org\/{rel}","templated":true}]}}