{"id":217642,"date":"2020-06-06T16:02:10","date_gmt":"2020-06-06T21:02:10","guid":{"rendered":"https:\/\/www.myentitid.com\/?page_id=217642"},"modified":"2020-06-11T16:46:36","modified_gmt":"2020-06-11T21:46:36","slug":"object-control","status":"publish","type":"page","link":"https:\/\/www.myentitid.com\/?page_id=217642","title":{"rendered":"Object Control"},"content":{"rendered":"<p>[et_pb_section fb_built=&#8221;1&#8243; next_background_color=&#8221;#ffffff&#8221; _builder_version=&#8221;4.4.7&#8243; use_background_color_gradient=&#8221;on&#8221; background_color_gradient_start=&#8221;rgba(17,24,32,0.6)&#8221; background_color_gradient_end=&#8221;rgba(17,24,32,0.54)&#8221; background_color_gradient_direction=&#8221;90deg&#8221; background_color_gradient_overlays_image=&#8221;on&#8221; background_image=&#8221;https:\/\/www.myentitid.com\/wp-content\/uploads\/cyber-3400789_1920.jpg&#8221; custom_margin=&#8221;||||false|false&#8221; bottom_divider_style=&#8221;curve2&#8243; bottom_divider_height=&#8221;80px&#8221; bottom_divider_style_tablet=&#8221;&#8221; bottom_divider_style_phone=&#8221;&#8221; bottom_divider_style_last_edited=&#8221;on|phone&#8221; bottom_divider_height_tablet=&#8221;&#8221; bottom_divider_height_phone=&#8221;80px&#8221; bottom_divider_height_last_edited=&#8221;on|desktop&#8221; hover_enabled=&#8221;0&#8243; locked=&#8221;off&#8221;][et_pb_row column_structure=&#8221;3_4,1_4&#8243; _builder_version=&#8221;4.4.7&#8243; custom_padding=&#8221;5%||3%||false|false&#8221;][et_pb_column type=&#8221;3_4&#8243; _builder_version=&#8221;3.25&#8243; custom_padding=&#8221;|||&#8221; custom_padding__hover=&#8221;|||&#8221;][et_pb_text _builder_version=&#8221;4.4.7&#8243; text_font=&#8221;Open Sans|600|||||||&#8221; text_text_color=&#8221;#ffffff&#8221; link_font=&#8221;Poppins||||||||&#8221; ul_font=&#8221;Poppins||||||||&#8221; ol_font=&#8221;Poppins||||||||&#8221; quote_font=&#8221;Poppins||||||||&#8221; header_font=&#8221;Poppins|800|||||||&#8221; header_text_color=&#8221;#ffffff&#8221; header_font_size=&#8221;75px&#8221; header_line_height=&#8221;1.1em&#8221; header_2_font=&#8221;Poppins||||||||&#8221; header_2_text_color=&#8221;#bf3654&#8243; header_2_font_size=&#8221;35px&#8221; header_3_font=&#8221;Poppins||||||||&#8221; header_4_font=&#8221;Poppins||||||||&#8221; header_5_font=&#8221;Poppins||||||||&#8221; header_6_font=&#8221;Poppins||||||||&#8221; hover_enabled=&#8221;0&#8243; header_font_size_tablet=&#8221;60px&#8221; header_font_size_phone=&#8221;40px&#8221; header_font_size_last_edited=&#8221;on|phone&#8221; header_2_font_size_tablet=&#8221;25px&#8221; header_2_font_size_phone=&#8221;20px&#8221; header_2_font_size_last_edited=&#8221;on|phone&#8221;]<\/p>\n<h1>E2Ew Object Control<\/h1>\n<p>[\/et_pb_text][et_pb_text _builder_version=&#8221;4.4.7&#8243; text_font=&#8221;Open Sans|600|||||||&#8221; text_text_color=&#8221;#ffffff&#8221; link_font=&#8221;Poppins||||||||&#8221; ul_font=&#8221;Poppins||||||||&#8221; ol_font=&#8221;Poppins||||||||&#8221; quote_font=&#8221;Poppins||||||||&#8221; header_font=&#8221;Poppins||||||||&#8221; header_2_font=&#8221;Poppins||||||||&#8221; header_3_font=&#8221;Poppins||||||||&#8221; header_4_font=&#8221;Poppins||||||||&#8221; header_5_font=&#8221;Poppins||||||||&#8221; header_6_font=&#8221;Poppins||||||||&#8221; custom_margin=&#8221;-30px||&#8221; hover_enabled=&#8221;0&#8243; custom_css_main_element=&#8221;max-width:650px;&#8221;]Soluci\u00f3n orientada a realizar un estricto control sobre el versionamiento de software en plataformas i-series, el manejo de versiones incluye fuentes, objetos y\/o datos; esta es una tarea de vital importancia para garantizar la estabilidad de los sistemas de informaci\u00f3n utilizados por toda organizaci\u00f3n y aun m\u00e1s, son el \u00fanico mecanismo para garantizar las altas inversiones de software que realizan las organizaciones.[\/et_pb_text][\/et_pb_column][et_pb_column type=&#8221;1_4&#8243; _builder_version=&#8221;3.25&#8243; custom_padding=&#8221;|||&#8221; custom_padding__hover=&#8221;|||&#8221;][\/et_pb_column][\/et_pb_row][\/et_pb_section][et_pb_section fb_built=&#8221;1&#8243; _builder_version=&#8221;4.4.7&#8243; hover_enabled=&#8221;0&#8243; bottom_divider_style=&#8221;curve2&#8243; next_background_color=&#8221;#f0f0f0&#8243;][et_pb_row column_structure=&#8221;1_4,1_2,1_4&#8243; use_custom_gutter=&#8221;on&#8221; gutter_width=&#8221;2&#8243; _builder_version=&#8221;4.4.7&#8243;][et_pb_column type=&#8221;1_4&#8243; _builder_version=&#8221;4.4.7&#8243;][\/et_pb_column][et_pb_column type=&#8221;1_2&#8243; _builder_version=&#8221;4.4.7&#8243;][et_pb_text _builder_version=&#8221;4.4.7&#8243; text_font=&#8221;||||||||&#8221; text_text_color=&#8221;#25283a&#8221; link_font=&#8221;Poppins||||||||&#8221; ul_font=&#8221;Poppins||||||||&#8221; ol_font=&#8221;Poppins||||||||&#8221; quote_font=&#8221;Poppins||||||||&#8221; header_font=&#8221;Poppins||||||||&#8221; header_2_font=&#8221;Poppins||||||||&#8221; header_3_font=&#8221;Poppins||||||||&#8221; header_4_font=&#8221;Poppins||||||||&#8221; header_5_font=&#8221;Poppins||||||||&#8221; header_6_font=&#8221;Poppins||||||||&#8221; text_orientation=&#8221;justified&#8221; hover_enabled=&#8221;0&#8243;]<\/p>\n<p><strong><em>e2eworks<\/em><em> Object Control<\/em> <\/strong>administra el software aplicativo de una organizaci\u00f3n de una forma integral, permitiendo cubrir el ciclo completo del cambio incluyendo fuentes, objetos y estructuras de datos, presentando en su administraci\u00f3n un control efectivo sobre objetos y documentaci\u00f3n.<\/p>\n<p><strong><em>e2eworks<\/em><em> Object Control <\/em><\/strong>permite la Administraci\u00f3n de Objetos y Documentaci\u00f3n T\u00e9cnica.<\/p>\n<p>[\/et_pb_text][\/et_pb_column][et_pb_column type=&#8221;1_4&#8243; _builder_version=&#8221;4.4.7&#8243;][\/et_pb_column][\/et_pb_row][\/et_pb_section][et_pb_section fb_built=&#8221;1&#8243; _builder_version=&#8221;4.4.7&#8243; background_color=&#8221;#f0f0f0&#8243; hover_enabled=&#8221;0&#8243; custom_padding=&#8221;||11px|||&#8221;][et_pb_row _builder_version=&#8221;4.4.7&#8243;][et_pb_column type=&#8221;4_4&#8243; _builder_version=&#8221;4.4.7&#8243;][et_pb_text _builder_version=&#8221;4.4.7&#8243; text_font=&#8221;|700|||||||&#8221; text_font_size=&#8221;32px&#8221; text_orientation=&#8221;center&#8221; custom_margin=&#8221;||20px||false|false&#8221; hover_enabled=&#8221;0&#8243;]Administraci\u00f3n de objetos[\/et_pb_text][et_pb_text _builder_version=&#8221;4.4.7&#8243; hover_enabled=&#8221;0&#8243; custom_margin=&#8221;||20px||false|false&#8221;]<\/p>\n<p style=\"text-align: center;\">Dentro de \u00e9sta se pueden realizar las siguientes tareas:<\/p>\n<p>[\/et_pb_text][\/et_pb_column][\/et_pb_row][et_pb_row column_structure=&#8221;1_2,1_2&#8243; _builder_version=&#8221;4.4.7&#8243; hover_enabled=&#8221;0&#8243;][et_pb_column type=&#8221;1_2&#8243; _builder_version=&#8221;4.4.7&#8243;][et_pb_text _builder_version=&#8221;4.4.7&#8243; hover_enabled=&#8221;0&#8243;]<\/p>\n<ul>\n<li>Auditar total y permanentemente a las labores de mantenimiento y desarrollo de software.<\/li>\n<li>Definir claramente de las funciones cumplidas por cada uno de los t\u00e9cnicos que intervienen en el desarrollo y\/o mantenimiento de software.<\/li>\n<li>Asigna y administra esquemas de seguridad controlados por grupos de usuarios y niveles de acceso.<\/li>\n<li>Agiliza la labor de auditor\u00eda de sistemas mediante el suministro de consultas y reportes completos y selectivos.<\/li>\n<li>Agiliza las labores de control de tiempos en el desarrollo, suministrando huellas de cada uno de los pasos seguidos, desde una solicitud de usuario hasta la respuesta final.<\/li>\n<li>Administra las responsabilidades en el mantenimiento del software, controlando el acceso a los programas a nivel de t\u00e9cnico mantenedor.<\/li>\n<li>Garantiza la consistencia entre fuentes y objetos mediante controles que impiden continuar un proceso si existen diferencias.<\/li>\n<li>Asegura el seguimiento a los cambios mediante la comparaci\u00f3n de cada una de las fuentes a ser instaladas en las bibliotecas de desarrollo.<\/li>\n<\/ul>\n<p>[\/et_pb_text][\/et_pb_column][et_pb_column type=&#8221;1_2&#8243; _builder_version=&#8221;4.4.7&#8243;][et_pb_text _builder_version=&#8221;4.4.7&#8243; hover_enabled=&#8221;0&#8243;]<\/p>\n<ul>\n<li>Permite manejar la consistencia entre los objetos del ambiente de producci\u00f3n y de pruebas.<\/li>\n<li>Permite administrar y controlar la seguridad existente en la organizaci\u00f3n y facilita su mantenimiento.<\/li>\n<li>Administra y controla los diferentes tipos de objeto existentes como parte del OS\/400, tengan o no correspondencia con fuentes y\/o objetos.<\/li>\n<li>Controla y administra la consistencia entre archivos f\u00edsicos y l\u00f3gicos, una vez uno f\u00edsico haya sufrido un proceso de mantenimiento.<\/li>\n<li>Permite administrar y controlar un ambiente paralelo de pruebas, manteniendo una consistencia permanente con el ambiente de producci\u00f3n.<\/li>\n<li>Manejo de seguridad: listas de autorizaciones y propietarios; manejo de objetos sin fuente; manejo de fuentes sin objeto; manejo de men\u00fas SDA; control de FTP; manejo de autorizaci\u00f3n sobre fuentes y control al ciclo de mantenimiento de sistemas de informaci\u00f3n.<\/li>\n<li>Notificaciones v\u00eda correo electr\u00f3nico a diferentes \u00e1reas del proceso de desarrollo y entes de control del estado de los diferentes paquetes de software en el ciclo de administraci\u00f3n.<\/li>\n<\/ul>\n<p>[\/et_pb_text][\/et_pb_column][\/et_pb_row][\/et_pb_section][et_pb_section fb_built=&#8221;1&#8243; _builder_version=&#8221;4.4.7&#8243; background_color=&#8221;#486066&#8243; hover_enabled=&#8221;0&#8243; custom_padding=&#8221;120px||48px||false|false&#8221; top_divider_style=&#8221;curve2&#8243; custom_margin=&#8221;||34px||false|false&#8221; prev_background_color=&#8221;#f0f0f0&#8243;][et_pb_row _builder_version=&#8221;4.4.7&#8243;][et_pb_column type=&#8221;4_4&#8243; _builder_version=&#8221;4.4.7&#8243;][et_pb_text _builder_version=&#8221;4.4.7&#8243; text_font=&#8221;|700|||||||&#8221; text_font_size=&#8221;32px&#8221; text_orientation=&#8221;center&#8221; custom_margin=&#8221;||20px||false|false&#8221; hover_enabled=&#8221;0&#8243; text_text_color=&#8221;#ffffff&#8221;]Documentaci\u00f3n T\u00e9cnica[\/et_pb_text][et_pb_text _builder_version=&#8221;4.4.7&#8243; hover_enabled=&#8221;0&#8243; custom_margin=&#8221;||20px||false|false&#8221; text_text_color=&#8221;#e0e0e0&#8243;]<\/p>\n<p style=\"text-align: center;\">Obtener un inventario exacto del contenido de cada uno de los sistemas de informaci\u00f3n existentes en la organizaci\u00f3n.<\/p>\n<p>[\/et_pb_text][\/et_pb_column][\/et_pb_row][et_pb_row column_structure=&#8221;1_3,1_3,1_3&#8243; _builder_version=&#8221;4.4.7&#8243; hover_enabled=&#8221;0&#8243; make_equal=&#8221;on&#8221; use_custom_gutter=&#8221;on&#8221; gutter_width=&#8221;2&#8243;][et_pb_column type=&#8221;1_3&#8243; _builder_version=&#8221;4.4.7&#8243; hover_enabled=&#8221;0&#8243; background_color=&#8221;#ffffff&#8221; border_radii=&#8221;on|20px|20px|20px|20px&#8221; custom_padding=&#8221;20px|20px|20px|20px|true|true&#8221;][et_pb_text _builder_version=&#8221;4.4.7&#8243; hover_enabled=&#8221;0&#8243;]<\/p>\n<p>Control total sobre la consistencia entre objetos y fuentes de los sistemas de informaci\u00f3n.<\/p>\n<p>[\/et_pb_text][\/et_pb_column][et_pb_column type=&#8221;1_3&#8243; _builder_version=&#8221;4.4.7&#8243; background_color=&#8221;#ffffff&#8221; border_radii=&#8221;on|20px|20px|20px|20px&#8221; custom_padding=&#8221;20px|20px|20px|20px|true|true&#8221;][et_pb_text _builder_version=&#8221;4.4.7&#8243; hover_enabled=&#8221;0&#8243;]<\/p>\n<p>Posibilitar el an\u00e1lisis de impacto por cambios requeridos para un sistema de informaci\u00f3n.<\/p>\n<p>[\/et_pb_text][\/et_pb_column][et_pb_column type=&#8221;1_3&#8243; _builder_version=&#8221;4.4.7&#8243; background_color=&#8221;#ffffff&#8221; border_radii=&#8221;on|20px|20px|20px|20px&#8221; custom_padding=&#8221;20px|20px|20px|20px|true|true&#8221;][et_pb_text _builder_version=&#8221;4.4.7&#8243; hover_enabled=&#8221;0&#8243;]<\/p>\n<p>Automatizar el proceso de construcci\u00f3n de manuales t\u00e9cnicos requeridos para el seguimiento de las tareas ejecutadas dentro de los sistemas de informaci\u00f3n.<\/p>\n<p>[\/et_pb_text][\/et_pb_column][\/et_pb_row][\/et_pb_section][et_pb_section fb_built=&#8221;1&#8243; disabled_on=&#8221;off|off|off&#8221; module_id=&#8221;bannerbottom&#8221; _builder_version=&#8221;4.4.7&#8243; background_color=&#8221;#FF3C00&#8243; min_height=&#8221;90px&#8221; custom_margin=&#8221;-36px|||||&#8221; custom_padding=&#8221;30px||8px|||&#8221; global_module=&#8221;216670&#8243; saved_tabs=&#8221;all&#8221;][et_pb_row column_structure=&#8221;3_4,1_4&#8243; custom_padding_last_edited=&#8221;on|phone&#8221; _builder_version=&#8221;4.4.7&#8243; custom_margin_tablet=&#8221;&#8221; custom_margin_phone=&#8221;&#8221; custom_margin_last_edited=&#8221;on|desktop&#8221; custom_padding_tablet=&#8221;&#8221; custom_padding_phone=&#8221;&#8221;][et_pb_column type=&#8221;3_4&#8243; _builder_version=&#8221;4.4.7&#8243; custom_padding=&#8221;||||false|false&#8221; custom_padding__hover=&#8221;|||&#8221;][et_pb_text _builder_version=&#8221;4.4.7&#8243; text_font=&#8221;||||||||&#8221; text_text_color=&#8221;#ffffff&#8221; text_font_size=&#8221;16px&#8221; link_font=&#8221;Poppins||||||||&#8221; ul_font=&#8221;Poppins||||||||&#8221; ol_font=&#8221;Poppins||||||||&#8221; quote_font=&#8221;Poppins||||||||&#8221; header_font=&#8221;Poppins|700|||||||&#8221; header_text_color=&#8221;#ffffff&#8221; header_font_size=&#8221;35px&#8221; header_2_font=&#8221;||||||||&#8221; header_2_text_color=&#8221;#ffffff&#8221; header_3_font=&#8221;Poppins||||||||&#8221; header_4_font=&#8221;Poppins||||||||&#8221; header_5_font=&#8221;Poppins||||||||&#8221; header_6_font=&#8221;Poppins||||||||&#8221; header_2_font_size_tablet=&#8221;32px&#8221; header_2_font_size_phone=&#8221;28px&#8221; header_2_font_size_last_edited=&#8221;on|desktop&#8221;]<\/p>\n<h2>lorem ipsum<\/h2>\n<p>Lorem ipsum dolor sit amet, consectetur adipiscing elit. Etiam sit amet cursus lorem. [\/et_pb_text][\/et_pb_column][et_pb_column type=&#8221;1_4&#8243; _builder_version=&#8221;4.4.7&#8243; custom_padding=&#8221;||||false|false&#8221; custom_padding__hover=&#8221;|||&#8221;][et_pb_button button_text=&#8221;Cont\u00e1ctenos&#8221; module_class=&#8221;dct_btn&#8221; _builder_version=&#8221;4.4.7&#8243; custom_button=&#8221;on&#8221; button_text_color=&#8221;#ffffff&#8221; button_border_width=&#8221;2px&#8221; button_border_color=&#8221;#ffffff&#8221; button_use_icon=&#8221;off&#8221; custom_padding=&#8221;15px|30px|15px|30px|true|true&#8221; custom_padding_tablet=&#8221;10px|25px|10px|25px|true|true&#8221; custom_padding_phone=&#8221;8px|20px|8px|20px|true|true&#8221; custom_padding_last_edited=&#8221;on|phone&#8221; custom_css_main_element=&#8221;border:2px solid #fff;&#8221; locked=&#8221;off&#8221; button_text_size__hover_enabled=&#8221;on|hover&#8221; button_text_color__hover_enabled=&#8221;off|desktop&#8221; button_bg_color__hover=&#8221;#ffffff&#8221; button_bg_color__hover_enabled=&#8221;off|desktop&#8221; button_border_width__hover_enabled=&#8221;off&#8221; button_border_color__hover_enabled=&#8221;on|hover&#8221; button_border_radius__hover=&#8221;0px&#8221; button_border_radius__hover_enabled=&#8221;off&#8221; button_letter_spacing__hover_enabled=&#8221;off&#8221; button_bg_enable_color__hover=&#8221;on&#8221; button_border_color__hover=&#8221;#ffffff&#8221; button_text_color__hover=&#8221;#bf3654&#8243;][\/et_pb_button][\/et_pb_column][\/et_pb_row][\/et_pb_section]<\/p>\n","protected":false},"excerpt":{"rendered":"<p>[et_pb_section fb_built=&#8221;1&#8243; next_background_color=&#8221;#ffffff&#8221; _builder_version=&#8221;4.4.7&#8243; use_background_color_gradient=&#8221;on&#8221; background_color_gradient_start=&#8221;rgba(17,24,32,0.6)&#8221; background_color_gradient_end=&#8221;rgba(17,24,32,0.54)&#8221; background_color_gradient_direction=&#8221;90deg&#8221; background_color_gradient_overlays_image=&#8221;on&#8221; background_image=&#8221;https:\/\/www.myentitid.com\/wp-content\/uploads\/cyber-3400789_1920.jpg&#8221; custom_margin=&#8221;||||false|false&#8221; bottom_divider_style=&#8221;curve2&#8243; bottom_divider_height=&#8221;80px&#8221; bottom_divider_style_tablet=&#8221;&#8221; bottom_divider_style_phone=&#8221;&#8221; bottom_divider_style_last_edited=&#8221;on|phone&#8221; bottom_divider_height_tablet=&#8221;&#8221; bottom_divider_height_phone=&#8221;80px&#8221; bottom_divider_height_last_edited=&#8221;on|desktop&#8221; hover_enabled=&#8221;0&#8243; locked=&#8221;off&#8221;][et_pb_row column_structure=&#8221;3_4,1_4&#8243; _builder_version=&#8221;4.4.7&#8243; custom_padding=&#8221;5%||3%||false|false&#8221;][et_pb_column type=&#8221;3_4&#8243; _builder_version=&#8221;3.25&#8243; custom_padding=&#8221;|||&#8221; custom_padding__hover=&#8221;|||&#8221;][et_pb_text _builder_version=&#8221;4.4.7&#8243; text_font=&#8221;Open Sans|600|||||||&#8221; text_text_color=&#8221;#ffffff&#8221; link_font=&#8221;Poppins||||||||&#8221; ul_font=&#8221;Poppins||||||||&#8221; ol_font=&#8221;Poppins||||||||&#8221; quote_font=&#8221;Poppins||||||||&#8221; header_font=&#8221;Poppins|800|||||||&#8221; header_text_color=&#8221;#ffffff&#8221; header_font_size=&#8221;75px&#8221; header_line_height=&#8221;1.1em&#8221; header_2_font=&#8221;Poppins||||||||&#8221; header_2_text_color=&#8221;#bf3654&#8243; header_2_font_size=&#8221;35px&#8221; header_3_font=&#8221;Poppins||||||||&#8221; header_4_font=&#8221;Poppins||||||||&#8221; header_5_font=&#8221;Poppins||||||||&#8221; header_6_font=&#8221;Poppins||||||||&#8221; hover_enabled=&#8221;0&#8243; header_font_size_tablet=&#8221;60px&#8221; header_font_size_phone=&#8221;40px&#8221; header_font_size_last_edited=&#8221;on|phone&#8221; header_2_font_size_tablet=&#8221;25px&#8221; header_2_font_size_phone=&#8221;20px&#8221; header_2_font_size_last_edited=&#8221;on|phone&#8221;] E2Ew [&hellip;]<\/p>\n","protected":false},"author":1,"featured_media":0,"parent":0,"menu_order":0,"comment_status":"closed","ping_status":"closed","template":"","meta":{"_et_pb_use_builder":"on","_et_pb_old_content":"","_et_gb_content_width":"","footnotes":""},"_links":{"self":[{"href":"https:\/\/www.myentitid.com\/index.php?rest_route=\/wp\/v2\/pages\/217642"}],"collection":[{"href":"https:\/\/www.myentitid.com\/index.php?rest_route=\/wp\/v2\/pages"}],"about":[{"href":"https:\/\/www.myentitid.com\/index.php?rest_route=\/wp\/v2\/types\/page"}],"author":[{"embeddable":true,"href":"https:\/\/www.myentitid.com\/index.php?rest_route=\/wp\/v2\/users\/1"}],"replies":[{"embeddable":true,"href":"https:\/\/www.myentitid.com\/index.php?rest_route=%2Fwp%2Fv2%2Fcomments&post=217642"}],"version-history":[{"count":7,"href":"https:\/\/www.myentitid.com\/index.php?rest_route=\/wp\/v2\/pages\/217642\/revisions"}],"predecessor-version":[{"id":217952,"href":"https:\/\/www.myentitid.com\/index.php?rest_route=\/wp\/v2\/pages\/217642\/revisions\/217952"}],"wp:attachment":[{"href":"https:\/\/www.myentitid.com\/index.php?rest_route=%2Fwp%2Fv2%2Fmedia&parent=217642"}],"curies":[{"name":"wp","href":"https:\/\/api.w.org\/{rel}","templated":true}]}}